{"id":9442,"date":"2023-12-14T13:09:30","date_gmt":"2023-12-14T13:09:30","guid":{"rendered":"https:\/\/organigrama.hospitaldechillan.cl\/?post_type=product&#038;p=9442"},"modified":"2024-01-24T13:59:33","modified_gmt":"2024-01-24T13:59:33","slug":"pablo-cid-figueroajefe-seccion-capacitacion","status":"publish","type":"product","link":"https:\/\/organigrama.hospitaldechillan.cl\/index.php\/producto\/pablo-cid-figueroajefe-seccion-capacitacion\/","title":{"rendered":"Pablo Cid Figueroa<br><strong>Jefe Secci\u00f3n Capacitaci\u00f3n<\/strong>"},"content":{"rendered":"","protected":false},"excerpt":{"rendered":"<table class=\"default\">\n<tbody>\n<tr>\n<td><strong>Nombre<\/strong><\/td>\n<td>Pablo Cid Figueroa<\/td>\n<\/tr>\n<tr>\n<td><strong>Cargo<\/strong><\/td>\n<td>Jefe Secci\u00f3n Capacitaci\u00f3n<\/td>\n<\/tr>\n<tr>\n<td><strong>Profesi\u00f3n<\/strong><\/td>\n<td>\nIngeniero de Ejecuci\u00f3n en Administraci\u00f3n de Empresas<br \/>\nMag\u00edster en Direcci\u00f3n y Control de Gesti\u00f3n P\u00fablica\n<\/td>\n<\/tr>\n<tr>\n<td><strong>Funciones<\/strong><\/td>\n<td style=\"text-align: justify;\">Liderar la actividad de capacitaci\u00f3n que se ejecuta en el hospital cl\u00ednico herminda mart\u00edn, cautelando que los procesos de detecci\u00f3n, selecci\u00f3n, ejecuci\u00f3n y evaluaci\u00f3n de la capacitaci\u00f3n se realicen en forma participativa, con equidad y oportunidad, y con un enfoque alineado con la planificaci\u00f3n estrat\u00e9gica del Hospital. Las actividades de capacitaci\u00f3n deben tender al desarrollo de los funcionarios y la calidad de la atenci\u00f3n de salud otorgada a los usuarios del HCHM, mejorando as\u00ed la satisfacci\u00f3n usuaria<\/td>\n<\/tr>\n<tr>\n<td><strong>Resoluci\u00f3n<br \/>\nOrganizacional<\/strong><\/td>\n<td>\nRes. Exenta N\u00b0 14707 fecha 27\/12\/2018     <a class=\"boton\" href=\"\/wp-content\/uploads\/2024\/01\/Resolucion-N\u00b0-14707.pdf\" target=\"_blank\" rel=\"noopener\">VER_RESOLUCI\u00d3N<\/a><\/br><br \/>\nRes. Exenta N\u00b0 7690 fecha 14\/07\/2017     <a class=\"boton\" href=\"\/wp-content\/uploads\/2024\/01\/Resolucion-N\u00b0-7690.pdf\" target=\"_blank\" rel=\"noopener\">VER_RESOLUCI\u00d3N<\/a><\/br><br \/>\nRes. Exenta N\u00b0 4420 fecha 26\/08\/2013 <a class=\"boton\" href=\"\/wp-content\/uploads\/2023\/12\/Resolucion-N\u00b0-4420-.pdf\" target=\"_blank\" rel=\"noopener\">VER_RESOLUCI\u00d3N<\/a><\/td>\n<\/tr>\n<\/tbody>\n<\/table>\n","protected":false},"featured_media":0,"template":"","meta":[],"product_brand":[],"product_cat":[131],"product_tag":[],"class_list":{"0":"post-9442","1":"product","2":"type-product","3":"status-publish","5":"product_cat-seccion-capacitacion","7":"first","8":"instock","9":"shipping-taxable","10":"product-type-simple"},"_links":{"self":[{"href":"https:\/\/organigrama.hospitaldechillan.cl\/index.php\/wp-json\/wp\/v2\/product\/9442","targetHints":{"allow":["GET"]}}],"collection":[{"href":"https:\/\/organigrama.hospitaldechillan.cl\/index.php\/wp-json\/wp\/v2\/product"}],"about":[{"href":"https:\/\/organigrama.hospitaldechillan.cl\/index.php\/wp-json\/wp\/v2\/types\/product"}],"wp:attachment":[{"href":"https:\/\/organigrama.hospitaldechillan.cl\/index.php\/wp-json\/wp\/v2\/media?parent=9442"}],"wp:term":[{"taxonomy":"product_brand","embeddable":true,"href":"https:\/\/organigrama.hospitaldechillan.cl\/index.php\/wp-json\/wp\/v2\/product_brand?post=9442"},{"taxonomy":"product_cat","embeddable":true,"href":"https:\/\/organigrama.hospitaldechillan.cl\/index.php\/wp-json\/wp\/v2\/product_cat?post=9442"},{"taxonomy":"product_tag","embeddable":true,"href":"https:\/\/organigrama.hospitaldechillan.cl\/index.php\/wp-json\/wp\/v2\/product_tag?post=9442"}],"curies":[{"name":"wp","href":"https:\/\/api.w.org\/{rel}","templated":true}]}}