{"id":9455,"date":"2023-12-14T15:02:47","date_gmt":"2023-12-14T15:02:47","guid":{"rendered":"https:\/\/organigrama.hospitaldechillan.cl\/?post_type=product&#038;p=9455"},"modified":"2024-01-25T18:50:29","modified_gmt":"2024-01-25T18:50:29","slug":"paula-canahuate-rondaenfermera-supervisora-seccion-salud-integral-del-funcionario-copia","status":"publish","type":"product","link":"https:\/\/organigrama.hospitaldechillan.cl\/index.php\/producto\/paula-canahuate-rondaenfermera-supervisora-seccion-salud-integral-del-funcionario-copia\/","title":{"rendered":"Paula Canahuate Ronda <br><strong>Asesor\u00eda Jur\u00eddica<\/strong>"},"content":{"rendered":"","protected":false},"excerpt":{"rendered":"<table class=\"default\">\n<tbody>\n<tr>\n<td><strong>Nombre<\/strong><\/td>\n<td>Paula Canahuate Ronda<\/td>\n<\/tr>\n<tr>\n<td><strong>Cargo<\/strong><\/td>\n<td>Asesora Jur\u00eddica<\/td>\n<\/tr>\n<tr>\n<td><strong>Profesi\u00f3n<\/strong><\/td>\n<td>Abogada<\/td>\n<\/tr>\n<td><strong>Funciones<\/strong><\/td>\n<td>\n<p style=\"text-align: justify;\">Asesorar a la Directora del Hospital Cl\u00ednico Herminda Mart\u00edn y a los directivos del establecimiento, en la interpretaci\u00f3n y aplicaci\u00f3n de las normas legales y reglamentarias relativas al Hospital, emitiendo los informes que se le requieran sobre las materias de su competencia, as\u00ed como otorgar el apoyo jur\u00eddico que requiera la Directora en cuanto al ejercicio de sus funciones que le corresponden y respecto de todos los actos administrativos en que se solicite su colaboraci\u00f3n.<\/p>\n<p style=\"text-align: justify;\">Adem\u00e1s, asumir la defensa del Hospital Cl\u00ednico Herminda Mart\u00edn en los juicios en que \u00e9ste sea parte o tenga inter\u00e9s, y la defensa de los funcionarios de acuerdo a lo establecido en el art\u00edculo 84 de la ley N\u00b0 18.834<\/p>\n<\/td>\n<\/tr>\n<tr>\n<td><strong>Resoluci\u00f3n<br \/>\nOrganizacional<br \/>\n<\/strong><\/td>\n<td>Res. Exenta N\u00b0 4123 fecha 03\/04\/2018 <a class=\"boton\" href=\"\/wp-content\/uploads\/2023\/12\/Resolucion-N\u00b0-4123-1-1.pdf\" target=\"_blank\" rel=\"noopener\">VER_RESOLUCI\u00d3N<\/a><\/br><br \/>\nRes. Exenta N\u00b0 7690 fecha 14\/07\/2017     <a class=\"boton\" href=\"\/wp-content\/uploads\/2024\/01\/Resolucion-N\u00b0-7690.pdf\" target=\"_blank\" rel=\"noopener\">VER_RESOLUCI\u00d3N<\/a><\/br><br \/>\nRes. Exenta N\u00b0 4420 fecha 26\/08\/2013 <a class=\"boton\" href=\"\/wp-content\/uploads\/2023\/12\/Resolucion-N\u00b0-4420-.pdf\" target=\"_blank\" rel=\"noopener\">VER_RESOLUCI\u00d3N<\/a><\/td>\n<\/tr>\n<\/tbody>\n<\/table>\n","protected":false},"featured_media":0,"template":"","meta":[],"product_brand":[],"product_cat":[136],"product_tag":[],"class_list":{"0":"post-9455","1":"product","2":"type-product","3":"status-publish","5":"product_cat-asesoria-juridica","7":"first","8":"instock","9":"shipping-taxable","10":"product-type-simple"},"_links":{"self":[{"href":"https:\/\/organigrama.hospitaldechillan.cl\/index.php\/wp-json\/wp\/v2\/product\/9455","targetHints":{"allow":["GET"]}}],"collection":[{"href":"https:\/\/organigrama.hospitaldechillan.cl\/index.php\/wp-json\/wp\/v2\/product"}],"about":[{"href":"https:\/\/organigrama.hospitaldechillan.cl\/index.php\/wp-json\/wp\/v2\/types\/product"}],"wp:attachment":[{"href":"https:\/\/organigrama.hospitaldechillan.cl\/index.php\/wp-json\/wp\/v2\/media?parent=9455"}],"wp:term":[{"taxonomy":"product_brand","embeddable":true,"href":"https:\/\/organigrama.hospitaldechillan.cl\/index.php\/wp-json\/wp\/v2\/product_brand?post=9455"},{"taxonomy":"product_cat","embeddable":true,"href":"https:\/\/organigrama.hospitaldechillan.cl\/index.php\/wp-json\/wp\/v2\/product_cat?post=9455"},{"taxonomy":"product_tag","embeddable":true,"href":"https:\/\/organigrama.hospitaldechillan.cl\/index.php\/wp-json\/wp\/v2\/product_tag?post=9455"}],"curies":[{"name":"wp","href":"https:\/\/api.w.org\/{rel}","templated":true}]}}