{"id":9479,"date":"2023-12-14T16:01:19","date_gmt":"2023-12-14T16:01:19","guid":{"rendered":"https:\/\/organigrama.hospitaldechillan.cl\/?post_type=product&#038;p=9479"},"modified":"2024-01-24T12:19:44","modified_gmt":"2024-01-24T12:19:44","slug":"dra-claudia-contreras-cantillo-depto-planificacion-y-desarrollo","status":"publish","type":"product","link":"https:\/\/organigrama.hospitaldechillan.cl\/index.php\/producto\/dra-claudia-contreras-cantillo-depto-planificacion-y-desarrollo\/","title":{"rendered":"Claudia Contreras Cantillo <br><strong>Depto. Planificaci\u00f3n y Desarrollo<\/strong>"},"content":{"rendered":"","protected":false},"excerpt":{"rendered":"<table class=\"default\">\n<tbody>\n<tr>\n<td><strong>Nombre<\/strong><\/td>\n<td>Claudia Contreras Cantillo<\/td>\n<\/tr>\n<tr>\n<td><strong>Cargo<\/strong><\/td>\n<td>Jefa Depto. Planificaci\u00f3n y Desarrollo<\/td>\n<\/tr>\n<tr>\n<td><strong>Profesi\u00f3n<\/strong><\/td>\n<td>M\u00e9dico<\/td>\n<\/tr>\n<tr>\n<td><strong>Funciones<\/strong><\/td>\n<td style=\"text-align: justify;\">Focalizar el trabajo de Planificaci\u00f3n del Hospital desde una perspectiva anal\u00edtica preventiva, y propositiva, utilizando todas las distintas fuentes de informaci\u00f3n que sustentan la producci\u00f3n hospitalaria vinculadas a los procesos y subprocesos actuales y futuros, con la finalidad de realizar propuestas de mejora a los responsables y\/o encargados de implementarlas en el Hospital Cl\u00ednico Herminda Martin.<\/td>\n<\/tr>\n<tr>\n<td><strong>Resoluci\u00f3n<br \/>\nOrganizacional<\/strong><\/td>\n<td>\nRes. Exenta N\u00b0 7131 fecha 15\/07\/2021     <a class=\"boton\" href=\"\/wp-content\/uploads\/2024\/01\/Resolucion-N\u00b0-7131-1.pdf\" target=\"_blank\" rel=\"noopener\">VER_RESOLUCI\u00d3N<\/a><\/br><br \/>\nRes. Exenta N\u00b0 10315 fecha 03\/09\/2018 <a class=\"boton\" href=\"\/wp-content\/uploads\/2023\/12\/Resolucion-N\u00b0-10315-.pdf\" target=\"_blank\" rel=\"noopener\">VER_RESOLUCI\u00d3N<\/a><\/br><br \/>\nRes. Exenta N\u00b0 7690 fecha 14\/07\/2017     <a class=\"boton\" href=\"\/wp-content\/uploads\/2024\/01\/Resolucion-N\u00b0-7690.pdf\" target=\"_blank\" rel=\"noopener\">VER_RESOLUCI\u00d3N<\/a><\/br><br \/>\nRes. Exenta N\u00b0 7346 fecha 30\/12\/2013     <a class=\"boton\" href=\"\/wp-content\/uploads\/2023\/12\/Resolucion-N\u00b0-7346-.pdf\" target=\"_blank\" rel=\"noopener\">VER_RESOLUCI\u00d3N<\/a><\/td>\n<\/tr>\n<\/tbody>\n<\/table>\n","protected":false},"featured_media":0,"template":"","meta":[],"product_brand":[],"product_cat":[146],"product_tag":[],"class_list":{"0":"post-9479","1":"product","2":"type-product","3":"status-publish","5":"product_cat-depto-planificacion-y-desarrollo","7":"first","8":"instock","9":"shipping-taxable","10":"product-type-simple"},"_links":{"self":[{"href":"https:\/\/organigrama.hospitaldechillan.cl\/index.php\/wp-json\/wp\/v2\/product\/9479","targetHints":{"allow":["GET"]}}],"collection":[{"href":"https:\/\/organigrama.hospitaldechillan.cl\/index.php\/wp-json\/wp\/v2\/product"}],"about":[{"href":"https:\/\/organigrama.hospitaldechillan.cl\/index.php\/wp-json\/wp\/v2\/types\/product"}],"wp:attachment":[{"href":"https:\/\/organigrama.hospitaldechillan.cl\/index.php\/wp-json\/wp\/v2\/media?parent=9479"}],"wp:term":[{"taxonomy":"product_brand","embeddable":true,"href":"https:\/\/organigrama.hospitaldechillan.cl\/index.php\/wp-json\/wp\/v2\/product_brand?post=9479"},{"taxonomy":"product_cat","embeddable":true,"href":"https:\/\/organigrama.hospitaldechillan.cl\/index.php\/wp-json\/wp\/v2\/product_cat?post=9479"},{"taxonomy":"product_tag","embeddable":true,"href":"https:\/\/organigrama.hospitaldechillan.cl\/index.php\/wp-json\/wp\/v2\/product_tag?post=9479"}],"curies":[{"name":"wp","href":"https:\/\/api.w.org\/{rel}","templated":true}]}}