{"id":9577,"date":"2023-12-15T12:15:35","date_gmt":"2023-12-15T12:15:35","guid":{"rendered":"https:\/\/organigrama.hospitaldechillan.cl\/?post_type=product&#038;p=9577"},"modified":"2024-01-24T14:10:36","modified_gmt":"2024-01-24T14:10:36","slug":"daniela-irribarra-fuentesencargada-gestion-de-camas-en-red","status":"publish","type":"product","link":"https:\/\/organigrama.hospitaldechillan.cl\/index.php\/producto\/daniela-irribarra-fuentesencargada-gestion-de-camas-en-red\/","title":{"rendered":"Daniela Irribarra Fuentes<br><strong>Encargada Gesti\u00f3n de Camas en Red<\/strong>"},"content":{"rendered":"","protected":false},"excerpt":{"rendered":"<table class=\"default\">\n<tbody>\n<tr>\n<td><strong>Nombre<\/strong><\/td>\n<td>Daniela Irribarra Fuentes<\/td>\n<\/tr>\n<tr>\n<td><strong>Cargo<\/strong><\/td>\n<td>Encargada Gesti\u00f3n de Camas en Red<\/td>\n<\/tr>\n<tr>\n<td><strong>Profesi\u00f3n<\/strong><\/td>\n<td>Enfermera<\/td>\n<\/tr>\n<tr>\n<td><strong>Funciones<\/strong><\/td>\n<td>&#8211; Profesional encargada(o) de distribuir, solicitar y asignar camas cl\u00ednicas del establecimiento, de acuerdo a disponibilidad y requerimiento. Coordinar traslads y rescate de usuarios por residecia, derivados v\u00eda UGCC y ley de urgencias.<\/p>\n<p>&nbsp;<\/p>\n<p>&#8211; Conocer la dotaci\u00f3n, y disponibilidad diaria camas de la instituci\u00f3n.<\/p>\n<p>-Mantener coordinaci\u00f3n permanente con m\u00e9dicos residentes de cirug\u00eda, enfermeras(os) supervisoras(es) y cl\u00ednicas(os) en horario h\u00e1bil para optimizar la gesti\u00f3n de las camas.<\/p>\n<p>&#8211; Revisar en l\u00ednea programa inform\u00e1tico de gesti\u00f3n de camas (SGH)<\/p>\n<p>&#8211; Recibir v\u00eda email o telef\u00f3nica, solicitudes de camas quir\u00fargicas desde los CR cl\u00ednicos.<\/p>\n<p>&#8211; Evaluar las solicitudes de ingreso desde la Unidad de Emergencia y coordinar con Oficina de Gesti\u00f3n Quir\u00fargica y Consultorio de Especialidades (CAE), la informaci\u00f3n de solicitudes de ingreso de usuarios electivos y de programas especiales de las unidades.<\/p>\n<p>&#8211; Reconvertir salas, en coordinaci\u00f3n con m\u00e9dico residente y enfermeras(os), cuando sea necesario o en caso de urgencias.<\/p>\n<p>&#8211; Realizar coordinaci\u00f3n con enfermeras(os) gestoras(es) de camas de otros hospitales y\/o m\u00e9dicos de urgencia, para realizar traslados o recuperar usuarios, cuando sea necesario.<\/p>\n<p>&#8211; Revisar correo institucional con solicitudes de hospitalizaci\u00f3n requeridas desde CAE.<\/p>\n<p>&#8211; Conocer la oferta y demanda de camas; tanto interna como externa de la instituci\u00f3n.<\/p>\n<p>&#8211; Establecer el proceso de coordinaci\u00f3n de las camas cr\u00edticas y el traslado de usuarios desde y hacia otros centros asistenciales.<\/p>\n<p>&#8211; Participar activamente en el proceso de asignaci\u00f3n de camas a los usuarios con este requerimiento seg\u00fan determinaci\u00f3n del equipo.<\/td>\n<\/tr>\n<tr>\n<td><strong>Resoluci\u00f3n<br \/>\nOrganizacional<\/strong><\/td>\n<td>\nRes. Exenta N\u00b0 7690 fecha 14\/07\/2017     <a class=\"boton\" href=\"\/wp-content\/uploads\/2024\/01\/Resolucion-N\u00b0-7690.pdf\" target=\"_blank\" rel=\"noopener\">VER_RESOLUCI\u00d3N<\/a><\/br><br \/>\nRes. Exenta N\u00b0 4420 fecha 26\/08\/2013 <a class=\"boton\" href=\"\/wp-content\/uploads\/2023\/12\/Resolucion-N\u00b0-4420-.pdf\" target=\"_blank\" rel=\"noopener\">VER_RESOLUCI\u00d3N<\/a><\/td>\n<\/tr>\n<\/tbody>\n<\/table>\n","protected":false},"featured_media":0,"template":"","meta":[],"product_brand":[],"product_cat":[179],"product_tag":[],"class_list":{"0":"post-9577","1":"product","2":"type-product","3":"status-publish","5":"product_cat-gestion-de-camas-en-red","7":"first","8":"instock","9":"shipping-taxable","10":"product-type-simple"},"_links":{"self":[{"href":"https:\/\/organigrama.hospitaldechillan.cl\/index.php\/wp-json\/wp\/v2\/product\/9577","targetHints":{"allow":["GET"]}}],"collection":[{"href":"https:\/\/organigrama.hospitaldechillan.cl\/index.php\/wp-json\/wp\/v2\/product"}],"about":[{"href":"https:\/\/organigrama.hospitaldechillan.cl\/index.php\/wp-json\/wp\/v2\/types\/product"}],"wp:attachment":[{"href":"https:\/\/organigrama.hospitaldechillan.cl\/index.php\/wp-json\/wp\/v2\/media?parent=9577"}],"wp:term":[{"taxonomy":"product_brand","embeddable":true,"href":"https:\/\/organigrama.hospitaldechillan.cl\/index.php\/wp-json\/wp\/v2\/product_brand?post=9577"},{"taxonomy":"product_cat","embeddable":true,"href":"https:\/\/organigrama.hospitaldechillan.cl\/index.php\/wp-json\/wp\/v2\/product_cat?post=9577"},{"taxonomy":"product_tag","embeddable":true,"href":"https:\/\/organigrama.hospitaldechillan.cl\/index.php\/wp-json\/wp\/v2\/product_tag?post=9577"}],"curies":[{"name":"wp","href":"https:\/\/api.w.org\/{rel}","templated":true}]}}