{"id":9681,"date":"2023-12-15T18:47:51","date_gmt":"2023-12-15T18:47:51","guid":{"rendered":"https:\/\/organigrama.hospitaldechillan.cl\/?post_type=product&#038;p=9681"},"modified":"2025-09-15T18:25:47","modified_gmt":"2025-09-15T18:25:47","slug":"jorge-kramm-asenjojefe-servicio-cirugia-indiferenciada","status":"publish","type":"product","link":"https:\/\/organigrama.hospitaldechillan.cl\/index.php\/producto\/jorge-kramm-asenjojefe-servicio-cirugia-indiferenciada\/","title":{"rendered":"Nicol\u00e1s Rubio Silveira<br><strong>Jefe Servicio Cirug\u00eda Indiferenciada<\/strong>"},"content":{"rendered":"","protected":false},"excerpt":{"rendered":"<table class=\"default\">\n<tbody>\n<tr>\n<td><strong>Nombre<\/strong><\/td>\n<td>Jorge Kramm Asenjo<\/td>\n<\/tr>\n<tr>\n<td><strong>Cargo<\/strong><\/td>\n<td>Jefe Servicio Cirug\u00eda Indiferenciada<\/td>\n<\/tr>\n<tr>\n<td><strong>Profesi\u00f3n<\/strong><\/td>\n<td>M\u00e9dico<\/td>\n<\/tr>\n<tr>\n<td><strong>Funciones<\/strong><\/td>\n<td>\n<p style=\"text-align: justify;\">&#8211; Programar y coordinar la gesti\u00f3n de atenci\u00f3n de paciente de acuerdo con est\u00e1ndares de calidad y protocolos.<\/p>\n<p style=\"text-align: justify;\">&#8211; Dirige y monitorea por la eficiente organizaci\u00f3n y funcionamiento del Servicio de Cirug\u00eda Indiferenciada de acuerdo a las normas generales del establecimiento.<\/p>\n<p style=\"text-align: justify;\">&#8211; Supervisa los procesos cl\u00ednicos realizando trazabilidad de procesos, identificando nodos cr\u00edticos y propone soluciones en el quehacer diario.<\/p>\n<p style=\"text-align: justify;\">&#8211; Vela por el cumplimiento y actualizaci\u00f3n de gu\u00edas, protocolos de calidad y seguridad del paciente y vigilancia IAAS.<\/p>\n<p style=\"text-align: justify;\">&#8211; Verifica la coordinaci\u00f3n con los servicios cl\u00ednicos, unidades de apoyo y diagn\u00f3stico para el adecuado manejo de patolog\u00edas seg\u00fan norma t\u00e9cnicas.<\/p>\n<p style=\"text-align: justify;\">&#8211; Realizar reuniones cl\u00ednico\/t\u00e9cnico-administrativo con los equipos espec\u00edficos e informa gesti\u00f3n de incorporaci\u00f3n de nuevas tecnolog\u00edas de equipamiento, infraestructura e inform\u00e1ticas.<\/p>\n<p style=\"text-align: justify;\">&#8211; Participar en la confecci\u00f3n de diversos proyectos del Servicio de Cirug\u00eda Indiferenciada.<\/p>\n<p style=\"text-align: justify;\">&#8211; Revisa, analiza y difunde las pol\u00edticas, normas e instrucciones, que impartan las autoridades sanitarias principalmente a nivel de SS\u00d1 y MINSAL.<\/p>\n<p style=\"text-align: justify;\">&#8211; Gestiona el recurso humano del estamento m\u00e9dico, profesional y administrativo, asegurando la continuidad de la atenci\u00f3n de los usuarios de la SDGyDP.<\/p>\n<p style=\"text-align: justify;\">&#8211; Realiza evaluaci\u00f3n de desempe\u00f1o, calificaci\u00f3n, visa feriados legales, permisos administrativos y licencias m\u00e9dicas de funcionarios a cargo.<\/p>\n<p style=\"text-align: justify;\">&#8211; Coordinaci\u00f3n y comunicaci\u00f3n expedita con Enfermera(o) Supervisora(or).<\/p>\n<p style=\"text-align: justify;\">&#8211; Velar por que la docencia e investigaci\u00f3n se realice conforme al marco regulatorio vigente.<\/p>\n<p style=\"text-align: justify;\">&#8211; Promover la existencia de un adecuado clima laboral y velar por los valores de Compromiso, Excelencia y Respeto que rige al Servicio.<\/p>\n<\/td>\n<\/tr>\n<tr>\n<td><strong>Resoluci\u00f3n<br \/>\nOrganizacional<\/strong><\/td>\n<td>Res. Exenta N\u00b0 7690 fecha 14\/07\/2017 <a class=\"boton\" href=\"\/wp-content\/uploads\/2024\/01\/Resolucion-N\u00b0-7690.pdf\" target=\"_blank\" rel=\"noopener\">VER_RESOLUCI\u00d3N<\/a><br \/>\nRes. Exenta N\u00b0 4420 fecha 26\/08\/2013 <a class=\"boton\" href=\"\/wp-content\/uploads\/2023\/12\/Resolucion-N\u00b0-4420-.pdf\" target=\"_blank\" rel=\"noopener\">VER_RESOLUCI\u00d3N<\/a><br \/>\nRes. Exenta N\u00b0 3849 fecha 08\/08\/2012 <a class=\"boton\" href=\"\/wp-content\/uploads\/2023\/12\/Resolucion-N\u00b0-3849.pdf\" target=\"_blank\" rel=\"noopener\">VER_RESOLUCI\u00d3N<\/a><br \/>\nRes. Exenta N\u00b0 1187 fecha 03\/03\/2010 <a class=\"boton\" href=\"\/wp-content\/uploads\/2024\/01\/Res.-1187-Cratyd.pdf\" target=\"_blank\" rel=\"noopener\">VER_RESOLUCI\u00d3N<\/a><\/td>\n<\/tr>\n<\/tbody>\n<\/table>\n","protected":false},"featured_media":0,"template":"","meta":[],"product_brand":[],"product_cat":[209],"product_tag":[],"class_list":{"0":"post-9681","1":"product","2":"type-product","3":"status-publish","5":"product_cat-servicio-cirugia-indiferenciada","7":"first","8":"instock","9":"shipping-taxable","10":"product-type-simple"},"_links":{"self":[{"href":"https:\/\/organigrama.hospitaldechillan.cl\/index.php\/wp-json\/wp\/v2\/product\/9681","targetHints":{"allow":["GET"]}}],"collection":[{"href":"https:\/\/organigrama.hospitaldechillan.cl\/index.php\/wp-json\/wp\/v2\/product"}],"about":[{"href":"https:\/\/organigrama.hospitaldechillan.cl\/index.php\/wp-json\/wp\/v2\/types\/product"}],"wp:attachment":[{"href":"https:\/\/organigrama.hospitaldechillan.cl\/index.php\/wp-json\/wp\/v2\/media?parent=9681"}],"wp:term":[{"taxonomy":"product_brand","embeddable":true,"href":"https:\/\/organigrama.hospitaldechillan.cl\/index.php\/wp-json\/wp\/v2\/product_brand?post=9681"},{"taxonomy":"product_cat","embeddable":true,"href":"https:\/\/organigrama.hospitaldechillan.cl\/index.php\/wp-json\/wp\/v2\/product_cat?post=9681"},{"taxonomy":"product_tag","embeddable":true,"href":"https:\/\/organigrama.hospitaldechillan.cl\/index.php\/wp-json\/wp\/v2\/product_tag?post=9681"}],"curies":[{"name":"wp","href":"https:\/\/api.w.org\/{rel}","templated":true}]}}