{"id":9765,"date":"2023-12-19T14:08:21","date_gmt":"2023-12-19T14:08:21","guid":{"rendered":"https:\/\/organigrama.hospitaldechillan.cl\/?post_type=product&#038;p=9765"},"modified":"2024-01-24T15:40:09","modified_gmt":"2024-01-24T15:40:09","slug":"igor-gebauer-penajefe-de-urologia","status":"publish","type":"product","link":"https:\/\/organigrama.hospitaldechillan.cl\/index.php\/producto\/igor-gebauer-penajefe-de-urologia\/","title":{"rendered":"Igor Gebauer Pe\u00f1a<br><strong>Jefe de Urolog\u00eda<\/strong>"},"content":{"rendered":"","protected":false},"excerpt":{"rendered":"<table class=\"default\">\n<tbody>\n<tr>\n<td><strong>Nombre<\/strong><\/td>\n<td>Igor Gebauer Pe\u00f1a<\/td>\n<\/tr>\n<tr>\n<td><strong>Cargo<\/strong><\/td>\n<td>Jefe de Urolog\u00eda<\/td>\n<\/tr>\n<tr>\n<td><strong>Profesi\u00f3n<\/strong><\/td>\n<td>M\u00e9dico<\/td>\n<\/tr>\n<tr>\n<td><strong>Funciones<\/strong><\/td>\n<td>\n<p style=\"text-align: justify;\">&#8211; M\u00e9dico responsable de planificar y coordinar el trabajo cl\u00ednico interno y externo de la Unidad de Urolog\u00eda.<\/p>\n<p style=\"text-align: juftify;\">&#8211; Liderar la generaci\u00f3n de proyectos, protocolos y manuales.<\/p>\n<p style=\"text-align: justify;\">&#8211; Realizar actividades de supervisi\u00f3n t\u00e9cnico-administrativas y evaluaciones peri\u00f3dicas.<\/p>\n<\/td>\n<\/tr>\n<tr>\n<td><strong>Resoluci\u00f3n<br \/>\nOrganizacional<\/strong><\/td>\n<td>\nRes. Exenta N\u00b0 7690 fecha 14\/07\/2017     <a class=\"boton\" href=\"\/wp-content\/uploads\/2024\/01\/Resolucion-N\u00b0-7690.pdf\" target=\"_blank\" rel=\"noopener\">VER_RESOLUCI\u00d3N<\/a><\/br><br \/>\nRes. Exenta N\u00b0 64 fecha 10\/01\/2017     <a class=\"boton\" href=\"\/wp-content\/uploads\/2024\/01\/Res.-64-del-10.01.2017.pdf\" target=\"_blank\" rel=\"noopener\">VER_RESOLUCI\u00d3N<\/a><\/br><br \/>\nRes. Exenta N\u00b0 4420 fecha 26\/08\/2013 <a class=\"boton\" href=\"\/wp-content\/uploads\/2023\/12\/Resolucion-N\u00b0-4420-.pdf\" target=\"_blank\" rel=\"noopener\">VER_RESOLUCI\u00d3N<\/a><\/br><br \/>\nRes. Exenta N\u00b0 1187 fecha 03\/03\/2010     <a class=\"boton\" href=\"\/wp-content\/uploads\/2024\/01\/Res.-1187-Cratyd.pdf\" target=\"_blank\" rel=\"noopener\">VER_RESOLUCI\u00d3N<\/a><\/td>\n<\/tr>\n<\/tbody>\n<\/table>\n","protected":false},"featured_media":0,"template":"","meta":[],"product_brand":[],"product_cat":[212],"product_tag":[],"class_list":{"0":"post-9765","1":"product","2":"type-product","3":"status-publish","5":"product_cat-urologia","7":"first","8":"instock","9":"shipping-taxable","10":"product-type-simple"},"_links":{"self":[{"href":"https:\/\/organigrama.hospitaldechillan.cl\/index.php\/wp-json\/wp\/v2\/product\/9765","targetHints":{"allow":["GET"]}}],"collection":[{"href":"https:\/\/organigrama.hospitaldechillan.cl\/index.php\/wp-json\/wp\/v2\/product"}],"about":[{"href":"https:\/\/organigrama.hospitaldechillan.cl\/index.php\/wp-json\/wp\/v2\/types\/product"}],"wp:attachment":[{"href":"https:\/\/organigrama.hospitaldechillan.cl\/index.php\/wp-json\/wp\/v2\/media?parent=9765"}],"wp:term":[{"taxonomy":"product_brand","embeddable":true,"href":"https:\/\/organigrama.hospitaldechillan.cl\/index.php\/wp-json\/wp\/v2\/product_brand?post=9765"},{"taxonomy":"product_cat","embeddable":true,"href":"https:\/\/organigrama.hospitaldechillan.cl\/index.php\/wp-json\/wp\/v2\/product_cat?post=9765"},{"taxonomy":"product_tag","embeddable":true,"href":"https:\/\/organigrama.hospitaldechillan.cl\/index.php\/wp-json\/wp\/v2\/product_tag?post=9765"}],"curies":[{"name":"wp","href":"https:\/\/api.w.org\/{rel}","templated":true}]}}