{"id":9787,"date":"2023-12-19T14:44:17","date_gmt":"2023-12-19T14:44:17","guid":{"rendered":"https:\/\/organigrama.hospitaldechillan.cl\/?post_type=product&#038;p=9787"},"modified":"2024-01-24T15:45:39","modified_gmt":"2024-01-24T15:45:39","slug":"rene-fabbri-aguilerajefe-servicio-obstetricia-y-ginecologia","status":"publish","type":"product","link":"https:\/\/organigrama.hospitaldechillan.cl\/index.php\/producto\/rene-fabbri-aguilerajefe-servicio-obstetricia-y-ginecologia\/","title":{"rendered":"Ren\u00e9 Fabbri Aguilera<br><strong>Jefe Servicio Obstetricia y Ginecolog\u00eda<\/strong>"},"content":{"rendered":"","protected":false},"excerpt":{"rendered":"<table class=\"default\">\n<tbody>\n<tr>\n<td><strong>Nombre<\/strong><\/td>\n<td>Ren\u00e9 Fabbri Aguilera<\/td>\n<\/tr>\n<tr>\n<td><strong>Cargo<\/strong><\/td>\n<td>Jefe Servicio Obstetricia y Ginecolog\u00eda<\/td>\n<\/tr>\n<tr>\n<td><strong>Profesi\u00f3n<\/strong><\/td>\n<td>M\u00e9dico<\/td>\n<\/tr>\n<tr>\n<td><strong>Funciones<\/strong><\/td>\n<td style=\"text-align: justify;\">\n<p style=\"text-align: justify;\">&#8211; Funciones de car\u00e1cter administrativo, asistencial, docente y supervisi\u00f3n del personal y actividades del SOG, organizando los recursos disponibles y otorgando el cumplimiento de la atenci\u00f3n.<\/p>\n<p>&#8211; Vela y monitorea por la eficiente organizaci\u00f3n y funcionamiento del SOG de acuerdo a las normas generales del establecimiento.<\/p>\n<p>&#8211; Vigila por el correcto manejo de historias cl\u00ednicas y sistemas de auditor\u00edas.<\/p>\n<p>&#8211; Supervisa los procesos cl\u00ednicos realizando trazabilidad de procesos, identificando nodos cr\u00edticos y proponer soluciones en el quehacer diario.<\/p>\n<p>&#8211; Dirige, gestiona, supervisa, eval\u00faa y lidera el equipo de trabajo del SOG distribuyendo las tareas propias entre su personal y delimitando labores.<\/p>\n<p>&#8211; Realiza reuniones cl\u00ednico\/t\u00e9cnico-administrativo con los equipos espec\u00edficos e informa gesti\u00f3n de incorporaci\u00f3n de nuevas tecnolog\u00edas de equipamiento, infraestructura e inform\u00e1ticas.<\/p>\n<p>&#8211; Revisa, analiza y difunde las pol\u00edticas, normas e instrucciones, que impartan las autoridades sanitarias principalmente a nivel de SS\u00d1 y MINSAL.<\/p>\n<p>&#8211; Revisar tabla quir\u00fargica a fin de evaluar el cumplimiento de los compromisos de servicio y conocer causas de suspensiones para evitar reiteraciones.<\/p>\n<p>&#8211; Velar por el cumplimiento de los compromisos de atenci\u00f3n en programas ministeriales de atenci\u00f3n seg\u00fan calendarizaci\u00f3n y calidad atenci\u00f3n GES.<\/p>\n<p>&#8211; Gestiona el recurso humano del estamento m\u00e9dico y administrativo, asegurando la continuidad de la atenci\u00f3n de los usuarios con la SDGyDP.<\/p>\n<p>&#8211; Realiza evaluaci\u00f3n de desempe\u00f1o, calificaci\u00f3n ley m\u00e9dica, visar feriados legales, permisos administrativos y licencias m\u00e9dicas de funcionarios a cargo.<\/p>\n<p>&#8211; Coordinaci\u00f3n y comunicaci\u00f3n expedita con Matronas Supervisoras SOG.<\/p>\n<p>&#8211; Participaci\u00f3n en reuniones: comit\u00e9s quir\u00fargicos, farmacia, emergencia, comit\u00e9 de gesti\u00f3n usuaria, reuni\u00f3n con jefes de servicio\/unidades, equipo directivo, SS\u00d1, Red asistencial, entre otros.<\/p>\n<p>Colaborar con los programas de estudio de pre y post grado de las carreras de la salud de acuerdo a convenios docente-asistenciales vigentes.<\/p>\n<p>&#8211; Promover la existencia de un adecuado clima laboral y velar por los valores de respeto, compromiso y satisfacci\u00f3n usuaria que rige al Servicio.\n<\/td>\n<\/tr>\n<tr>\n<td><strong>Resoluci\u00f3n<br \/>\nOrganizacional<\/strong><\/td>\n<td>\nRes. Exenta N\u00b0 7690 fecha 14\/07\/2017     <a class=\"boton\" href=\"\/wp-content\/uploads\/2024\/01\/Resolucion-N\u00b0-7690.pdf\" target=\"_blank\" rel=\"noopener\">VER_RESOLUCI\u00d3N<\/a><\/br><br \/>\nRes. Exenta N\u00b0 4420 fecha 26\/08\/2013 <a class=\"boton\" href=\"\/wp-content\/uploads\/2023\/12\/Resolucion-N\u00b0-4420-.pdf\" target=\"_blank\" rel=\"noopener\">VER_RESOLUCI\u00d3N<\/a><\/br><br \/>\nRes. Exenta N\u00b0 3849 fecha 08\/08\/2012     <a class=\"boton\" href=\"\/wp-content\/uploads\/2023\/12\/Resolucion-N\u00b0-3849.pdf\" target=\"_blank\" rel=\"noopener\">VER_RESOLUCI\u00d3N<\/a><\/br><br \/>\nRes. Exenta N\u00b0 1187 fecha 03\/03\/2010     <a class=\"boton\" href=\"\/wp-content\/uploads\/2024\/01\/Res.-1187-Cratyd.pdf\" target=\"_blank\" rel=\"noopener\">VER_RESOLUCI\u00d3N<\/a><\/td>\n<\/tr>\n<\/tbody>\n<\/table>\n","protected":false},"featured_media":0,"template":"","meta":[],"product_brand":[],"product_cat":[223],"product_tag":[],"class_list":{"0":"post-9787","1":"product","2":"type-product","3":"status-publish","5":"product_cat-servicio-obstetricia-y-ginecologia","7":"first","8":"instock","9":"shipping-taxable","10":"product-type-simple"},"_links":{"self":[{"href":"https:\/\/organigrama.hospitaldechillan.cl\/index.php\/wp-json\/wp\/v2\/product\/9787","targetHints":{"allow":["GET"]}}],"collection":[{"href":"https:\/\/organigrama.hospitaldechillan.cl\/index.php\/wp-json\/wp\/v2\/product"}],"about":[{"href":"https:\/\/organigrama.hospitaldechillan.cl\/index.php\/wp-json\/wp\/v2\/types\/product"}],"wp:attachment":[{"href":"https:\/\/organigrama.hospitaldechillan.cl\/index.php\/wp-json\/wp\/v2\/media?parent=9787"}],"wp:term":[{"taxonomy":"product_brand","embeddable":true,"href":"https:\/\/organigrama.hospitaldechillan.cl\/index.php\/wp-json\/wp\/v2\/product_brand?post=9787"},{"taxonomy":"product_cat","embeddable":true,"href":"https:\/\/organigrama.hospitaldechillan.cl\/index.php\/wp-json\/wp\/v2\/product_cat?post=9787"},{"taxonomy":"product_tag","embeddable":true,"href":"https:\/\/organigrama.hospitaldechillan.cl\/index.php\/wp-json\/wp\/v2\/product_tag?post=9787"}],"curies":[{"name":"wp","href":"https:\/\/api.w.org\/{rel}","templated":true}]}}