{"id":9809,"date":"2023-12-19T15:47:44","date_gmt":"2023-12-19T15:47:44","guid":{"rendered":"https:\/\/organigrama.hospitaldechillan.cl\/?post_type=product&#038;p=9809"},"modified":"2024-01-24T14:25:31","modified_gmt":"2024-01-24T14:25:31","slug":"darwin-diaz-carrascoenfermero-supervisor-servicio-hospitalizacion-domiciliaria","status":"publish","type":"product","link":"https:\/\/organigrama.hospitaldechillan.cl\/index.php\/producto\/darwin-diaz-carrascoenfermero-supervisor-servicio-hospitalizacion-domiciliaria\/","title":{"rendered":"Darwin D\u00edaz Carrasco<br><strong>Enfermero Supervisor Servicio Hospitalizaci\u00f3n Domiciliaria<\/strong>"},"content":{"rendered":"","protected":false},"excerpt":{"rendered":"<table class=\"default\">\n<tbody>\n<tr>\n<td><strong>Nombre<\/strong><\/td>\n<td>Darwin D\u00edaz Carrasco<\/td>\n<\/tr>\n<tr>\n<td><strong>Cargo<\/strong><\/td>\n<td>Enfermero Supervisor Servicio Hospitalizaci\u00f3n Domiciliaria<\/td>\n<\/tr>\n<tr>\n<td><strong>Profesi\u00f3n<\/strong><\/td>\n<td>Enfermero<\/td>\n<\/tr>\n<tr>\n<td><strong>Funciones<\/strong><\/td>\n<td style=\"text-align: justify;\">Coordinaci\u00f3n, elaboraci\u00f3n y aplicaci\u00f3n de los instrumentos para supervisar, controlar y evaluar la calidad de la atenci\u00f3n de Enfermer\u00eda. Programa, organiza y coordina la redistribuci\u00f3n de personal profesional y t\u00e9cnico de enfermer\u00eda de los distintos m\u00f3viles.<\/td>\n<\/tr>\n<tr>\n<td><strong>Resoluci\u00f3n Organizacional<\/strong><\/td>\n<td>Res. Exenta N\u00b0 4420 fecha 26\/08\/2013 <a class=\"boton\" href=\"\/wp-content\/uploads\/2023\/12\/Resolucion-N\u00b0-4420-.pdf\" target=\"_blank\" rel=\"noopener\">VER_RESOLUCI\u00d3N<\/a><\/br><br \/>\nRes. Exenta N\u00b0 8453 fecha 01\/08\/2019 <a class=\"boton\" href=\"\/wp-content\/uploads\/2023\/12\/Resolucion-N\u00b0-8453-.pdf\" target=\"_blank\" rel=\"noopener\">VER_RESOLUCI\u00d3N<\/a><\/td>\n<\/tr>\n<\/tbody>\n<\/table>\n","protected":false},"featured_media":0,"template":"","meta":[],"product_brand":[],"product_cat":[258,178],"product_tag":[],"class_list":{"0":"post-9809","1":"product","2":"type-product","3":"status-publish","5":"product_cat-enfermero-supervisor-servicio-hospitalizacion-domiciliaria","6":"product_cat-jefaturas-de-enfermeria-ss-cc","8":"first","9":"instock","10":"shipping-taxable","11":"product-type-simple"},"_links":{"self":[{"href":"https:\/\/organigrama.hospitaldechillan.cl\/index.php\/wp-json\/wp\/v2\/product\/9809","targetHints":{"allow":["GET"]}}],"collection":[{"href":"https:\/\/organigrama.hospitaldechillan.cl\/index.php\/wp-json\/wp\/v2\/product"}],"about":[{"href":"https:\/\/organigrama.hospitaldechillan.cl\/index.php\/wp-json\/wp\/v2\/types\/product"}],"wp:attachment":[{"href":"https:\/\/organigrama.hospitaldechillan.cl\/index.php\/wp-json\/wp\/v2\/media?parent=9809"}],"wp:term":[{"taxonomy":"product_brand","embeddable":true,"href":"https:\/\/organigrama.hospitaldechillan.cl\/index.php\/wp-json\/wp\/v2\/product_brand?post=9809"},{"taxonomy":"product_cat","embeddable":true,"href":"https:\/\/organigrama.hospitaldechillan.cl\/index.php\/wp-json\/wp\/v2\/product_cat?post=9809"},{"taxonomy":"product_tag","embeddable":true,"href":"https:\/\/organigrama.hospitaldechillan.cl\/index.php\/wp-json\/wp\/v2\/product_tag?post=9809"}],"curies":[{"name":"wp","href":"https:\/\/api.w.org\/{rel}","templated":true}]}}