{"id":9810,"date":"2023-12-19T15:54:52","date_gmt":"2023-12-19T15:54:52","guid":{"rendered":"https:\/\/organigrama.hospitaldechillan.cl\/?post_type=product&#038;p=9810"},"modified":"2024-01-24T14:25:44","modified_gmt":"2024-01-24T14:25:44","slug":"edith-villaman-vasquezenfermera-supervisora-servicio-psiquiatria","status":"publish","type":"product","link":"https:\/\/organigrama.hospitaldechillan.cl\/index.php\/producto\/edith-villaman-vasquezenfermera-supervisora-servicio-psiquiatria\/","title":{"rendered":"Edith Villam\u00e1n V\u00e1squez<br><strong>Enfermera Supervisora Servicio Psiquiatr\u00eda<\/strong>"},"content":{"rendered":"","protected":false},"excerpt":{"rendered":"<table class=\"default\">\n<tbody>\n<tr>\n<td><strong>Nombre<\/strong><\/td>\n<td>Edith Villam\u00e1n V\u00e1squez<\/td>\n<\/tr>\n<tr>\n<td><strong>Cargo<\/strong><\/td>\n<td>Enfermera Supervisora Servicio Psiquiatr\u00eda<\/td>\n<\/tr>\n<tr>\n<td><strong>Profesi\u00f3n<\/strong><\/td>\n<td>Enfermera<\/td>\n<\/tr>\n<tr>\n<td><strong>Funciones<\/strong><\/td>\n<td>\n<p style=\"text-align: justify;\">Liderar y gestionar los cuidados de enfermer\u00eda del Servicio de Psiquiatr\u00eda:<\/p>\n<p style=\"text-align: justify;\">&#8211; Gestionar, evaluar y supervisar las funciones del personal de los cuidados de enfermer\u00eda a cargo para proporcionar una \u00f3ptima atenci\u00f3n a los usuarios.<\/p>\n<p style=\"text-align: justify;\">&#8211; Potenciar y promover en el personal de la UE, el empoderamiento de roles, el desarrollo de equipos de trabajo y su incorporaci\u00f3n a la gesti\u00f3n de la UE de manera progresiva y paulatina.<\/p>\n<p style=\"text-align: justify;\">&#8211; Supervisar el cumplimiento de registros de enfermer\u00eda, protocolos de calidad, normas de bioseguridad, prevenci\u00f3n de IAAS, entre otros.<\/p>\n<p style=\"text-align: justify;\">&#8211; Garantizar la confecci\u00f3n y actualizaci\u00f3n de gu\u00edas, protocolos de calidad y seguridad del paciente y vigilancia IAAS<\/p>\n<p style=\"text-align: justify;\">&#8211; Gestionar y organizar adecuadamente el recurso humano a cargo.<\/p>\n<p style=\"text-align: justify;\">\n&#8211; Asegurar la distribuci\u00f3n y cubierta del personal de enfermer\u00eda en los turnos y confeccionar plantilla de rotaci\u00f3n de turnos.<\/p>\n<p style=\"text-align: justify;\">&#8211; Velar por la ejecuci\u00f3n de reuniones de equipo enfermer\u00eda.<\/p>\n<p style=\"text-align: justify;\">&#8211; Solicitar, gestionar y asegurar abastecimiento de insumos, equipamiento y\/o materiales de bodega para la atenci\u00f3n de usuarios.<\/p>\n<p style=\"text-align: justify;\">&#8211; Coordinar los procesos cl\u00ednicos del cuidado con otros servicios cl\u00ednicos, unidades de apoyo, secciones y servicios generales del establecimiento.<\/p>\n<p style=\"text-align: justify;\">&#8211; Desarrollar estrategias para optimizar el desempe\u00f1o del personal a cargo.<\/p>\n<p style=\"text-align: justify;\">&#8211; Participar en la confeccion de diversos proyectos del servicio de psiquiatr\u00eda.<\/p>\n<p style=\"text-align: justify;\">&#8211; Realizar la evaluaci\u00f3n de desempe\u00f1o del personal junto a Enfermera(o) Cl\u00ednica(o).<\/p>\n<p style=\"text-align: justify;\">&#8211; Realizar y participar de forma activa en las diferentes reuniones, comit\u00e9s y dispositivos de salud mental y la Red del SS\u00d1.<\/p>\n<p style=\"text-align: justify;\">&#8211; Monitorear los indicadores de gesti\u00f3n del Servicio, asociados a los procesos de enfermer\u00eda, seg\u00fan acreditaci\u00f3n en calidad y seguridad de la atenci\u00f3n.<\/p>\n<\/td>\n<\/tr>\n<tr>\n<td><strong>Resoluci\u00f3n Organizacional<\/strong><\/td>\n<td>\nRes. Exenta N\u00b0 7690 fecha 14\/07\/2017     <a class=\"boton\" href=\"\/wp-content\/uploads\/2024\/01\/Resolucion-N\u00b0-7690.pdf\" target=\"_blank\" rel=\"noopener\">VER_RESOLUCI\u00d3N<\/a><\/br><br \/>\nRes. Exenta N\u00b0 4420 fecha 26\/08\/2013 <a class=\"boton\" href=\"\/wp-content\/uploads\/2023\/12\/Resolucion-N\u00b0-4420-.pdf\" target=\"_blank\" rel=\"noopener\">VER_RESOLUCI\u00d3N<\/a><\/td>\n<\/tr>\n<\/tbody>\n<\/table>\n","protected":false},"featured_media":0,"template":"","meta":[],"product_brand":[],"product_cat":[254,178],"product_tag":[],"class_list":{"0":"post-9810","1":"product","2":"type-product","3":"status-publish","5":"product_cat-enfermera-supervisora-servicio-psiquiatria","6":"product_cat-jefaturas-de-enfermeria-ss-cc","8":"first","9":"instock","10":"shipping-taxable","11":"product-type-simple"},"_links":{"self":[{"href":"https:\/\/organigrama.hospitaldechillan.cl\/index.php\/wp-json\/wp\/v2\/product\/9810","targetHints":{"allow":["GET"]}}],"collection":[{"href":"https:\/\/organigrama.hospitaldechillan.cl\/index.php\/wp-json\/wp\/v2\/product"}],"about":[{"href":"https:\/\/organigrama.hospitaldechillan.cl\/index.php\/wp-json\/wp\/v2\/types\/product"}],"wp:attachment":[{"href":"https:\/\/organigrama.hospitaldechillan.cl\/index.php\/wp-json\/wp\/v2\/media?parent=9810"}],"wp:term":[{"taxonomy":"product_brand","embeddable":true,"href":"https:\/\/organigrama.hospitaldechillan.cl\/index.php\/wp-json\/wp\/v2\/product_brand?post=9810"},{"taxonomy":"product_cat","embeddable":true,"href":"https:\/\/organigrama.hospitaldechillan.cl\/index.php\/wp-json\/wp\/v2\/product_cat?post=9810"},{"taxonomy":"product_tag","embeddable":true,"href":"https:\/\/organigrama.hospitaldechillan.cl\/index.php\/wp-json\/wp\/v2\/product_tag?post=9810"}],"curies":[{"name":"wp","href":"https:\/\/api.w.org\/{rel}","templated":true}]}}