{"id":9812,"date":"2023-12-19T16:02:40","date_gmt":"2023-12-19T16:02:40","guid":{"rendered":"https:\/\/organigrama.hospitaldechillan.cl\/?post_type=product&#038;p=9812"},"modified":"2024-01-24T14:29:11","modified_gmt":"2024-01-24T14:29:11","slug":"marta-lara-saldiasenfermera-supervisora-servicio-cirugia-indiferenciada","status":"publish","type":"product","link":"https:\/\/organigrama.hospitaldechillan.cl\/index.php\/producto\/marta-lara-saldiasenfermera-supervisora-servicio-cirugia-indiferenciada\/","title":{"rendered":"Marta Lara Sald\u00edas<br><strong>Enfermera Gestora Servicio Cirug\u00eda Indiferenciada<\/strong>"},"content":{"rendered":"","protected":false},"excerpt":{"rendered":"<table class=\"default\">\n<tbody>\n<tr>\n<td><strong>Nombre<\/strong><\/td>\n<td>Marta Lara Sald\u00edas<\/td>\n<\/tr>\n<tr>\n<td><strong>Cargo<\/strong><\/td>\n<td>Enfermera Gestora Cirug\u00eda Indiferenciada<\/td>\n<\/tr>\n<tr>\n<td><strong>Profesi\u00f3n<\/strong><\/td>\n<td>Enfermera<\/td>\n<\/tr>\n<tr>\n<td><strong>Funciones<\/strong><\/p>\n<p>&nbsp;<\/td>\n<td style=\"text-align: justify;\">&#8211; Dise\u00f1ar y dirigir la organizaci\u00f3n interna de gesti\u00f3n cuidado de Enfermer\u00eda de acuerdo a cartera de servicios.<\/p>\n<p>&nbsp;<\/p>\n<p>&#8211; Gestionar la implementaci\u00f3n de procesos de enfermer\u00eda y mantener el seguimiento continuo de estos.<\/p>\n<p>&#8211; Monitorear el desarrollo y adquisici\u00f3n de conocimientos y habilidades t\u00e9cnicas del RRHH a su cargo.<\/p>\n<p>&#8211; Monitorear la existencia y control interno de los insumos, materiales y equipamiento de su servicio.<\/p>\n<p>&#8211; Gestionar la implementaci\u00f3n de pol\u00edticas de mejoramiento continuo en las \u00e1reas de calidad y en el proceso constante de atenci\u00f3n del usuario.<\/p>\n<p>&#8211; Relacionarse con todos los equipos cl\u00ednicos y no cl\u00ednicos del establecimiento para gestionar y coordinar procesos internos o externos relacionados con el quehacer de su unidad.<\/p>\n<p>&#8211; Elaborar proyectos y fomentar estudios, realizaci\u00f3n y publicaci\u00f3n de trabajos de investigaci\u00f3n de los profesionales de enfermer\u00eda a su cargo.<\/p>\n<p>&#8211; Realizar otras actividades solicitadas por su jefatura directa que sean atingentes al cargo.<\/p>\n<p>&#8211; Realizar y participar en reuniones programadas y extraordinarias de su servicio y de otras \u00e1reas del establecimiento, cuando sea convocada.<\/p>\n<p>&#8211; Realizar planes de intervenci\u00f3n para mantener o mejorar el clima organizacional en su servicio, en conjunto con enfermeras supervisoras.<\/p>\n<p>&#8211; Realizar evaluaciones de desempe\u00f1o de las Enfermeras Supervisoras a cargo.<\/p>\n<p>&#8211; Cumplir y hacer cumplir las obligaciones de la Ley 18.834 y las normas internas del HCHM.<\/td>\n<\/tr>\n<tr>\n<td><strong>Resoluci\u00f3n<br \/>\nOrganizacional<\/strong><\/td>\n<td>Res. Exenta N\u00b0 4420 fecha 26\/08\/2013 <a class=\"boton\" href=\"\/wp-content\/uploads\/2023\/12\/Resolucion-N\u00b0-4420-.pdf\" target=\"_blank\" rel=\"noopener\">VER_RESOLUCI\u00d3N<\/a><\/br><br \/>\nRes. Exenta N\u00b0 1187 fecha 03\/03\/2010     <a class=\"boton\" href=\"\/wp-content\/uploads\/2024\/01\/Res.-1187-Cratyd.pdf\" target=\"_blank\" rel=\"noopener\">VER_RESOLUCI\u00d3N<\/a><\/td>\n<\/tr>\n<\/tbody>\n<\/table>\n","protected":false},"featured_media":0,"template":"","meta":[],"product_brand":[],"product_cat":[260],"product_tag":[],"class_list":{"0":"post-9812","1":"product","2":"type-product","3":"status-publish","5":"product_cat-enfermera-cirugia-indiferenciada","7":"first","8":"instock","9":"shipping-taxable","10":"product-type-simple"},"_links":{"self":[{"href":"https:\/\/organigrama.hospitaldechillan.cl\/index.php\/wp-json\/wp\/v2\/product\/9812","targetHints":{"allow":["GET"]}}],"collection":[{"href":"https:\/\/organigrama.hospitaldechillan.cl\/index.php\/wp-json\/wp\/v2\/product"}],"about":[{"href":"https:\/\/organigrama.hospitaldechillan.cl\/index.php\/wp-json\/wp\/v2\/types\/product"}],"wp:attachment":[{"href":"https:\/\/organigrama.hospitaldechillan.cl\/index.php\/wp-json\/wp\/v2\/media?parent=9812"}],"wp:term":[{"taxonomy":"product_brand","embeddable":true,"href":"https:\/\/organigrama.hospitaldechillan.cl\/index.php\/wp-json\/wp\/v2\/product_brand?post=9812"},{"taxonomy":"product_cat","embeddable":true,"href":"https:\/\/organigrama.hospitaldechillan.cl\/index.php\/wp-json\/wp\/v2\/product_cat?post=9812"},{"taxonomy":"product_tag","embeddable":true,"href":"https:\/\/organigrama.hospitaldechillan.cl\/index.php\/wp-json\/wp\/v2\/product_tag?post=9812"}],"curies":[{"name":"wp","href":"https:\/\/api.w.org\/{rel}","templated":true}]}}