{"id":9959,"date":"2023-12-22T15:11:55","date_gmt":"2023-12-22T15:11:55","guid":{"rendered":"https:\/\/organigrama.hospitaldechillan.cl\/?post_type=product&#038;p=9959"},"modified":"2024-01-24T15:22:06","modified_gmt":"2024-01-24T15:22:06","slug":"argelio-santana-canoapoyo-a-la-gestion-de-procesos-clinicos-copia","status":"publish","type":"product","link":"https:\/\/organigrama.hospitaldechillan.cl\/index.php\/producto\/argelio-santana-canoapoyo-a-la-gestion-de-procesos-clinicos-copia\/","title":{"rendered":"Argelio Santana Cano<br><strong>Procuraci\u00f3n de \u00d3rganos<\/strong>"},"content":{"rendered":"","protected":false},"excerpt":{"rendered":"<table class=\"default\">\n<tbody>\n<tr>\n<td><strong>Nombre<\/strong><\/td>\n<td>Argelio Santana Cano<\/td>\n<\/tr>\n<tr>\n<td><strong>Cargo<\/strong><\/td>\n<td>Asesor Procuraci\u00f3n de \u00d3rganos<\/td>\n<\/tr>\n<tr>\n<td><strong>Profesi\u00f3n<\/strong><\/td>\n<td>M\u00e9dico<\/td>\n<\/tr>\n<tr>\n<td><strong>Funciones<\/strong><\/td>\n<td style=\"text-align: justify;\">Coordinar, gestionar y supervisar el proceso integral de donaci\u00f3n de \u00f3rganos y tejidos, desde la detecci\u00f3n de posibles donantes en unidades cr\u00edticas hasta la educaci\u00f3n comunitaria, asegurando el cumplimiento de protocolos, capacitaciones, coordinaciones interinstitucionales y el mantenimiento de registros y estad\u00edsticas pertinentes.<\/td>\n<\/tr>\n<tr>\n<td><strong>Resoluci\u00f3n<br \/>\nOrganizacional<\/strong><\/td>\n<td>Res. Exenta N\u00b0 14526 fecha 16\/11\/2021 <a class=\"boton\" href=\"\/wp-content\/uploads\/2024\/01\/Resolucion-N\u00b0-14526.pdf\" target=\"_blank\" rel=\"noopener\">VER_RESOLUCI\u00d3N<\/a><\/br><br \/>\nRes. Exenta N\u00b0 7690 fecha 14\/07\/2017 <a class=\"boton\" href=\"\/wp-content\/uploads\/2024\/01\/Resolucion-N\u00b0-7690.pdf\" target=\"_blank\" rel=\"noopener\">VER_RESOLUCI\u00d3N<\/a><\/br><br \/>\nRes. Exenta N\u00b0 4420 fecha 26\/08\/2013 <a class=\"boton\" href=\"\/wp-content\/uploads\/2023\/12\/Resolucion-N\u00b0-4420-.pdf\" target=\"_blank\" rel=\"noopener\">VER_RESOLUCI\u00d3N<\/a><\/td>\n<\/tr>\n<\/tbody>\n<\/table>\n","protected":false},"featured_media":0,"template":"","meta":[],"product_brand":[],"product_cat":[236],"product_tag":[],"class_list":{"0":"post-9959","1":"product","2":"type-product","3":"status-publish","5":"product_cat-procuracion-de-organos-subdireccion-medica","7":"first","8":"instock","9":"shipping-taxable","10":"product-type-simple"},"_links":{"self":[{"href":"https:\/\/organigrama.hospitaldechillan.cl\/index.php\/wp-json\/wp\/v2\/product\/9959","targetHints":{"allow":["GET"]}}],"collection":[{"href":"https:\/\/organigrama.hospitaldechillan.cl\/index.php\/wp-json\/wp\/v2\/product"}],"about":[{"href":"https:\/\/organigrama.hospitaldechillan.cl\/index.php\/wp-json\/wp\/v2\/types\/product"}],"wp:attachment":[{"href":"https:\/\/organigrama.hospitaldechillan.cl\/index.php\/wp-json\/wp\/v2\/media?parent=9959"}],"wp:term":[{"taxonomy":"product_brand","embeddable":true,"href":"https:\/\/organigrama.hospitaldechillan.cl\/index.php\/wp-json\/wp\/v2\/product_brand?post=9959"},{"taxonomy":"product_cat","embeddable":true,"href":"https:\/\/organigrama.hospitaldechillan.cl\/index.php\/wp-json\/wp\/v2\/product_cat?post=9959"},{"taxonomy":"product_tag","embeddable":true,"href":"https:\/\/organigrama.hospitaldechillan.cl\/index.php\/wp-json\/wp\/v2\/product_tag?post=9959"}],"curies":[{"name":"wp","href":"https:\/\/api.w.org\/{rel}","templated":true}]}}